{"id":1837,"date":"2017-07-11T08:54:31","date_gmt":"2017-07-11T08:54:31","guid":{"rendered":"https:\/\/sessar.net\/home\/"},"modified":"2025-12-30T17:38:14","modified_gmt":"2025-12-30T17:38:14","slug":"home","status":"publish","type":"page","link":"https:\/\/heidrichconsulting.com\/en\/","title":{"rendered":"Home"},"content":{"rendered":"\n\n\t<h2>\n\t\t\t\tWelcome to my coaching space in Cologne or online!\n\t\t\t<\/h2>\n\t<p>Are you looking for an experienced and compassionate personality to support you in successfully mastering a current or future challenge?<\/p>\n<p>For more than 25 years, I have been coaching and consulting people in different industries, roles and phases of life, nationally and internationally. I work in a one-to-one or small group format &#8211; in my coaching space in the centre of Cologne or online.<\/p>\n<p>My working languages are German, English and French.<\/p>\n\t<h2>\n\t\t\t\tCoaching and consulting topics \n\t\t\t<\/h2>\n\t<p>Coaching is like a springboard that helps you achieve your personal and professional goals. As a consultant and coach, I provide the board. We work on your attitude and self-confidence, because jumping takes courage and overcoming obstacles. Using various methods and techniques, we work out together how high, how far and in what way you want to jump. We practice until you are ready for the jump.<\/p>\n<p>In other words: With an appreciative and honest external perspective as well as targeted questions and impulses, I help you to formulate goals, activate resources and develop sustainable solutions and behaviors that suit you and lead you to your goals. Encouraged and clear, you will put them into action.<\/p>\n<p>Below you will find some key topics that are only for orientation. If your topic is not included, please feel free to contact me anyway. A good coach does not necessarily have to be an expert on a topic. The expert for your topic is you!<\/p>\n\t\t\t\t<a href=\"https:\/\/heidrichconsulting.com\/en\/coaching\/leadership-coaching\/\"  target=\"_self\" itemprop=\"url\">\n\t\t\t\t<img decoding=\"async\" src=\"https:\/\/heidrichconsulting.com\/wp-content\/uploads\/2024\/04\/berufliche-integration-home.png\" alt=\"F\u00fchrungskr\u00e4fte Coaching\" itemprop=\"image\" height=\"500\" width=\"500\" onerror=\"this.style.display='none'\" loading=\"lazy\" \/>\n\t\t\t\t<\/a>\n<h3>\n\t\t<a href=\"https:\/\/heidrichconsulting.com\/en\/coaching\/leadership-coaching\/\" title=\"Leadership Coaching\"  target=\"_self\">\n\t\t\tLeadership Coaching\t\t<\/a>\n\t<\/h3>\n\t\t\t\t<a href=\"https:\/\/heidrichconsulting.com\/en\/coaching\/mental-health-coaching\/\"  target=\"_self\" itemprop=\"url\">\n\t\t\t\t<img decoding=\"async\" src=\"https:\/\/heidrichconsulting.com\/wp-content\/uploads\/2024\/04\/mental-health-home.png\" alt=\"Mental Health Coaching in K\u00f6ln oder online\" itemprop=\"image\" height=\"500\" width=\"500\" onerror=\"this.style.display='none'\" loading=\"lazy\" \/>\n\t\t\t\t<\/a>\n<h3>\n\t\t<a href=\"https:\/\/heidrichconsulting.com\/en\/coaching\/mental-health-coaching\/\" title=\"Mental Health Coaching\"  target=\"_self\">\n\t\t\tMental Health Coaching\t\t<\/a>\n\t<\/h3>\n\t\t\t\t<a href=\"https:\/\/heidrichconsulting.com\/en\/coaching\/science-coaching\/\"  target=\"_self\" itemprop=\"url\">\n\t\t\t\t<img decoding=\"async\" src=\"https:\/\/heidrichconsulting.com\/wp-content\/uploads\/2024\/04\/berufliche-integration-home.png\" alt=\"F\u00fchrungskr\u00e4fte Coaching\" itemprop=\"image\" height=\"500\" width=\"500\" onerror=\"this.style.display='none'\" loading=\"lazy\" \/>\n\t\t\t\t<\/a>\n<h3>\n\t\t<a href=\"https:\/\/heidrichconsulting.com\/en\/coaching\/science-coaching\/\" title=\"Science Coaching\"  target=\"_self\">\n\t\t\tScience Coaching\t\t<\/a>\n\t<\/h3>\n\t\t\t\t<a href=\"https:\/\/heidrichconsulting.com\/en\/coaching\/business-change-coaching\/\"  target=\"_self\" itemprop=\"url\">\n\t\t\t\t<img decoding=\"async\" src=\"https:\/\/heidrichconsulting.com\/wp-content\/uploads\/2024\/04\/job-coaching-home.png\" alt=\"Business und Change Coaching\" itemprop=\"image\" height=\"500\" width=\"500\" onerror=\"this.style.display='none'\" loading=\"lazy\" \/>\n\t\t\t\t<\/a>\n<h3>\n\t\t<a href=\"https:\/\/heidrichconsulting.com\/en\/coaching\/business-change-coaching\/\" title=\"Business Coaching\"  target=\"_self\">\n\t\t\tBusiness Coaching\t\t<\/a>\n\t<\/h3>\n\t\t\t\t<a href=\"https:\/\/heidrichconsulting.com\/en\/coaching\/career-and-job-coaching\/\"  target=\"_self\" itemprop=\"url\">\n\t\t\t\t<img decoding=\"async\" src=\"https:\/\/heidrichconsulting.com\/wp-content\/uploads\/2025\/12\/karriere-job-coaching-heidrichconsulting-mob.jpg\" alt=\"Karriere- und Jobcoaching in K\u00f6ln oder online\" itemprop=\"image\" height=\"1000\" width=\"1499\" title=\"karriere-job-coaching-heidrichconsulting-mob\" onerror=\"this.style.display='none'\" loading=\"lazy\" \/>\n\t\t\t\t<\/a>\n<h3>\n\t\t<a href=\"https:\/\/heidrichconsulting.com\/en\/coaching\/career-and-job-coaching\/\" title=\"Career Coaching\"  target=\"_self\">\n\t\t\tCareer Coaching\t\t<\/a>\n\t<\/h3>\n\t<h4>\n\t\t\t\tInterested in a free introductory call at short notice?\n\t\t\t<\/h4>\n\t\t\t<p>You can reach me on Mondays between 4:30 and 5:30 p.m. and on Wednesdays<br \/>between 8:00 and 9:00 a.m. on +49 178 8498304, also via Signal. If I&#8217;m in a<br \/>conversation, I&#8217;ll call back.<\/p>\t\n\t\t\t<a href=\"https:\/\/heidrichconsulting.com\/en\/contact\/\" title=\"Click Here\" target=\"_self\"   role=\"button\" aria-label=\"Contact\">\n\t\t\t\t\t\t\tContact\n\t\t<\/a>\n\t<h3>\n\t\t\t\t<a href=\"https:\/\/heidrichconsulting.com\/en\/reflection-labs\/\" title=\"Moderation\" target=\"_self\"  aria-label=\"Go to https:\/\/heidrichconsulting.com\/en\/reflection-labs\/\">\n\t\t\t\tModeration\n\t\t\t\t<\/a>\n\t\t\t<\/h3>\n\t\t\t<p>Are you looking for an experienced moderator for an upcoming event? I moderate online formats on various topics in German and English. In concrete terms, this means that I structure the process, moderate, guide and lead the communication, always in an appreciative, interculturally sensitive, structured and goal-oriented manner.\u00a0<\/p>\t\n<h3>\n\t\t<a href=\"\/en\/reflection-labs\/#resilience\" title=\"Resilience Lab\"  target=\"_self\">\n\t\t\tResilience Lab\t\t<\/a>\n\t<\/h3>\n\t\t\t\t<a href=\"\/en\/reflection-labs\/#resilience\"  target=\"_self\" itemprop=\"url\">\n\t\t\t\t<img decoding=\"async\" src=\"https:\/\/heidrichconsulting.com\/wp-content\/uploads\/2024\/06\/resilience-lab-home.jpg\" alt=\"Resilience Lab\" itemprop=\"image\" height=\"1440\" width=\"2160\" title=\"resilience-lab-home\" onerror=\"this.style.display='none'\" loading=\"lazy\" \/>\n\t\t\t\t<\/a>\n<h3>\n\t\t<a href=\"\/en\/reflection-labs\/#leadership\" title=\"Leadership Lab\"  target=\"_self\">\n\t\t\tLeadership Lab\t\t<\/a>\n\t<\/h3>\n\t\t\t\t<a href=\"\/en\/reflection-labs\/#leadership\"  target=\"_self\" itemprop=\"url\">\n\t\t\t\t<img decoding=\"async\" src=\"https:\/\/heidrichconsulting.com\/wp-content\/uploads\/2024\/04\/12903.jpeg\" alt=\"Leadership Lab\" itemprop=\"image\" height=\"1440\" width=\"2160\" onerror=\"this.style.display='none'\" loading=\"lazy\" \/>\n\t\t\t\t<\/a>\n<h3>\n\t\t<a href=\"\/en\/reflection-labs\/#diversity\" title=\"Diversity Lab\"  target=\"_self\">\n\t\t\tDiversity Lab\t\t<\/a>\n\t<\/h3>\n\t\t\t\t<a href=\"\/en\/reflection-labs\/#diversity\"  target=\"_self\" itemprop=\"url\">\n\t\t\t\t<img decoding=\"async\" src=\"https:\/\/heidrichconsulting.com\/wp-content\/uploads\/2024\/06\/diversity-lab-home.jpg\" alt=\"F\u00fchrungskr\u00e4fte und Executive Coaching in K\u00f6ln oder online\" itemprop=\"image\" height=\"1440\" width=\"2160\" title=\"diversity-lab-home\" onerror=\"this.style.display='none'\" loading=\"lazy\" \/>\n\t\t\t\t<\/a>\n\t\t\t\t<h2>What my clients say:<\/h2>\n\t\t\t\t\t\t\t\t\t\t<p>I suffered from severe stress symptoms, which had a very negative effect on my well-being and sleep. In our coaching sessions, Nikola and I worked together on stress management, ensuring a work-life balance and, in particular, mindfulness. With her open and positive manner as well as numerous solution-oriented aids, materials and tips, I experienced measurable success after just a few sessions and was able to eliminate my negative symptoms through certain routines. I am very happy to have taken this path and can warmly recommend Nikola&#8217;s coaching. <\/p>\n\t\t\t\t\t\t\t\t\t<h4>Thorsten K.<\/h4>\n\t\t\t\t\t\t\t\t\t\t\t\t\t<h5>Senior Manager, Management Consulting<\/h5>\n\t\t\t\t\t\t\t\t\t\t<p>Nikola was our virtual leadership and team building coach over a period of two years. Through her coaching the effectiveness of communication, our feedback culture and the level of trust increased tremendously among team members and leaders (located in Botswana, South Africa, Lesotho and Germany). This had a measurable and highly positive effect on project results. Nikola&#8217;s style is authentic, structured and human. Thank you for our trustful exchanges and for asking the right questions, Nikola!<\/p>\n\t\t\t\t\t\t\t\t\t<h4>Tiisetso Mary Piet<\/h4>\n\t\t\t\t\t\t\t\t\t\t\t\t\t<h5>Deputy Program Manager, Deutsche Gesellschaft f\u00fcr internationale Zusammenarbeit GmbH, Lesotho<\/h5>\n\t\t\t\t\t\t\t\t\t\t<p>Nikola draws on scientifically sound methods and techniques and gives very pragmatic, valuable tips and recommendations that can be implemented very well and immediately in everyday (professional) life. I have come to appreciate Nikola not only as a coach and good listener, but also as a person. Any time again.<\/p>\n\t\t\t\t\t\t\t\t\t\t\t\t\t<h5>Professor at the University of Cologne<\/h5>\n\t\t\t\t\t\t\t\t\t\t<p>Nikola has designed various global leadership development and coaching programs for Covestro and conducted them virtually in English. She works in a very structured and goal-oriented manner and radiates an admirable calmness. She is able to quickly build trust and accompany people from different cultures with a great deal of sensitivity in change and development processes. She knows what she is doing and is an expert in the field of virtual and intercultural team leadership. Even today, I think about what I have learned and apply it intuitively when, for example, I conduct online events or have to cope with difficult situations. The cooperation with Nikola is always profitable, practical and sustainable, both professionally and personally. I recommend her unreservedly.<\/p>\n\t\t\t\t\t\t\t\t\t<h4>Kristian Brandt<\/h4>\n\t\t\t\t\t\t\t\t\t\t\t\t\t<h5>Global Process Owner Sales, Covestro AG<\/h5>\n\t\t\t\t\t\t\t\t\t\t<p>Nowadays employers are having high expectations towards their management teams. As a people manager I suffered from severe stress symptoms. Nikola and I worked together on stress management. With her open and positive mind, she offered pragmatic, valuable tips. I was able to implement these tips into my daily routine and was able to eliminate my negative symptoms through these routines. I am very happy to have taken this path and can highly recommend Nikola as a coach.<\/p>\n\t\t\t\t\t\t\t\t\t<h4>Martin F.<\/h4>\n\t\t\t\t\t\t\t\t\t\t\t\t\t<h5>Regional Sales Manager, Healthcare Technology Sector<\/h5>\n\t\t\t\t\t\t\t\t\t\t<p>Nikola&#8217;s ability to empathetically and competently put herself in my shoes during the professional coaching and to accompany me on my journey has left a lasting positive impression on me. Each session was not only purposeful, but also characterized by an atmosphere of support and encouragement that enabled me to further develop my professional goals and strengthen my self-confidence. Thank you, dear Nikola.<\/p>\n\t\t\t\t\t\t\t\t\t<h4>Nina S.<\/h4>\n\t\t\t\t\t\t\t\t\t\t\t\t\t<h5>Editor in the process of professional reorientation<\/h5>\n\t\t\t\t\t\t\t\t\t\t<p>Nikola worked as a freelance coach in our leadership development program BayWay for ten years and played a major role in developing and regularly implementing the program. The aim was to learn how to lead virtual and intercultural teams successfully in times of change and increasing complexity. The feedback from participants from over twenty nations regarding her coaching services was always outstanding. Her particular strength was to create a trusting framework in both virtual one-to-one and group settings, which enabled sustainable personal development as well as interactive exchange and peer learning. We thank Nikola for her great commitment and the wonderful cooperation.<\/p>\n\t\t\t\t\t\t\t\t\t<h4>Kathrin Girten<\/h4>\n\t\t\t\t\t\t\t\t\t\t\t\t\t<h5>Global Programme Owner BayWay until 2018, Bayer AG<\/h5>\n\t\t\t\t\t\t\t\t\t\t<p>I am incredibly grateful for the support I have received from Nikola. She has been instrumental in helping me manage and soothe my emotions during challenging times. Through her guidance, I have learned effective problem-solving strategies and have been encouraged to adopt a more positive mindset. Nikola has also introduced me to meditation and stress-relief courses and resources, which have significantly improved my overall well-being. Her compassionate and insightful approach has truly made a difference in my life. I highly recommend Nikola to anyone seeking a caring and effective coach.<\/p>\n\t\t\t\t\t\t\t\t\t<h4>Yezi Z.<\/h4>\n\t\t\t\t\t\t\t\t\t\t\t\t\t<h5>Sustainability Consultant, Management Consultancy<\/h5>\n\t\t\t\t\t\t\t\t\t\t<p>Nikola helped us to bond as a team and to strengthen and develop our cooperation on a virtual level during Corona. She gave us a lot of creative and helpful suggestions, which we also tried out and practiced directly with her. Between the sessions, we had the opportunity to try out what we had learned and then reflect together. Nikola was completely responsive to us and our needs and shared other helpful material even after our sessions were over. Nikola works very professionally, brings a huge wealth of experience and directly understands the concerns and expectations. Therefore, I would recommend her without reservation.<\/p>\n\t\t\t\t\t\t\t\t\t<h4>Carola Becker<\/h4>\n\t\t\t\t\t\t\t\t\t\t\t\t\t<h5>Group Leader, Flexible Operational Team, Deutsche Gesellschaft f\u00fcr internationale Zusammenarbeit GmbH<\/h5>\n\t\t\t\t\t\t\t\t\t\t<p>Nikola was my coach in a virtual leadership development program.\u00a0What I learned in the program\u00a0I can use everywhere. Before I did not tell anybody openly what I thought because in our culture this is not common but now I provide open and honest feedback and it is highly appreciated because people know what is expected from them. Thank you Nikola for helping me realize and putting into practice that competence.<\/p>\n\t\t\t\t\t\t\t\t\t<h4>Adi Mohsin<\/h4>\n\t\t\t\t\t\t\t\t\t\t\t\t\t<h5>Head of Regulatory Affairs Middle East &#8211; North Africa, Bayer Pharmaceuticals<\/h5>\n\t\t\t\t<!-- \/.pp-testimonials -->\n\n","protected":false},"excerpt":{"rendered":"<p>Welcome to my coaching space in Cologne or online! Are you looking for an experienced and compassionate personality to support you in successfully mastering a current or future challenge? For more than 25 years, I have been coaching and consulting people in different industries, roles and phases of life, nationally and internationally. I work in [&hellip;]<\/p>\n","protected":false},"author":1,"featured_media":0,"parent":0,"menu_order":0,"comment_status":"closed","ping_status":"open","template":"","meta":{"_seopress_robots_primary_cat":"","_seopress_titles_title":"Nikola Heidrich: Coaching & Consulting in Cologne or online","_seopress_titles_desc":"Coaching and consulting on leadership, stress management, resilience, dealing with change, challenges at work, reorientation, personal development.","_seopress_robots_index":"","site-sidebar-layout":"no-sidebar","site-content-layout":"page-builder","ast-site-content-layout":"full-width-container","site-content-style":"unboxed","site-sidebar-style":"unboxed","ast-global-header-display":"","ast-banner-title-visibility":"","ast-main-header-display":"","ast-hfb-above-header-display":"","ast-hfb-below-header-display":"","ast-hfb-mobile-header-display":"","site-post-title":"disabled","ast-breadcrumbs-content":"","ast-featured-img":"disabled","footer-sml-layout":"","ast-disable-related-posts":"","theme-transparent-header-meta":"","adv-header-id-meta":"","stick-header-meta":"","header-above-stick-meta":"","header-main-stick-meta":"","header-below-stick-meta":"","astra-migrate-meta-layouts":"set","ast-page-background-enabled":"default","ast-page-background-meta":{"desktop":{"background-color":"","background-image":"","background-repeat":"repeat","background-position":"center center","background-size":"auto","background-attachment":"scroll","background-type":"","background-media":"","overlay-type":"","overlay-color":"","overlay-opacity":"","overlay-gradient":""},"tablet":{"background-color":"","background-image":"","background-repeat":"repeat","background-position":"center center","background-size":"auto","background-attachment":"scroll","background-type":"","background-media":"","overlay-type":"","overlay-color":"","overlay-opacity":"","overlay-gradient":""},"mobile":{"background-color":"","background-image":"","background-repeat":"repeat","background-position":"center center","background-size":"auto","background-attachment":"scroll","background-type":"","background-media":"","overlay-type":"","overlay-color":"","overlay-opacity":"","overlay-gradient":""}},"ast-content-background-meta":{"desktop":{"background-color":"var(--ast-global-color-5)","background-image":"","background-repeat":"repeat","background-position":"center center","background-size":"auto","background-attachment":"scroll","background-type":"","background-media":"","overlay-type":"","overlay-color":"","overlay-opacity":"","overlay-gradient":""},"tablet":{"background-color":"var(--ast-global-color-5)","background-image":"","background-repeat":"repeat","background-position":"center center","background-size":"auto","background-attachment":"scroll","background-type":"","background-media":"","overlay-type":"","overlay-color":"","overlay-opacity":"","overlay-gradient":""},"mobile":{"background-color":"var(--ast-global-color-5)","background-image":"","background-repeat":"repeat","background-position":"center center","background-size":"auto","background-attachment":"scroll","background-type":"","background-media":"","overlay-type":"","overlay-color":"","overlay-opacity":"","overlay-gradient":""}},"footnotes":""},"class_list":["post-1837","page","type-page","status-publish","hentry"],"_links":{"self":[{"href":"https:\/\/heidrichconsulting.com\/en\/wp-json\/wp\/v2\/pages\/1837","targetHints":{"allow":["GET"]}}],"collection":[{"href":"https:\/\/heidrichconsulting.com\/en\/wp-json\/wp\/v2\/pages"}],"about":[{"href":"https:\/\/heidrichconsulting.com\/en\/wp-json\/wp\/v2\/types\/page"}],"author":[{"embeddable":true,"href":"https:\/\/heidrichconsulting.com\/en\/wp-json\/wp\/v2\/users\/1"}],"replies":[{"embeddable":true,"href":"https:\/\/heidrichconsulting.com\/en\/wp-json\/wp\/v2\/comments?post=1837"}],"version-history":[{"count":10,"href":"https:\/\/heidrichconsulting.com\/en\/wp-json\/wp\/v2\/pages\/1837\/revisions"}],"predecessor-version":[{"id":2777,"href":"https:\/\/heidrichconsulting.com\/en\/wp-json\/wp\/v2\/pages\/1837\/revisions\/2777"}],"wp:attachment":[{"href":"https:\/\/heidrichconsulting.com\/en\/wp-json\/wp\/v2\/media?parent=1837"}],"curies":[{"name":"wp","href":"https:\/\/api.w.org\/{rel}","templated":true}]}}